{"id":135,"date":"2023-09-20T21:35:06","date_gmt":"2023-09-20T19:35:06","guid":{"rendered":"https:\/\/stmkii.fr\/?page_id=135"},"modified":"2024-01-24T17:52:59","modified_gmt":"2024-01-24T16:52:59","slug":"home-2","status":"publish","type":"page","link":"https:\/\/www.stmkii.fr\/en\/","title":{"rendered":"Home"},"content":{"rendered":"\t\t<div data-elementor-type=\"wp-page\" data-elementor-id=\"135\" class=\"elementor elementor-135\" data-elementor-post-type=\"page\">\n\t\t\t\t<div class=\"elementor-element elementor-element-69002523 e-con-full e-flex e-con e-parent\" data-id=\"69002523\" data-element_type=\"container\" data-e-type=\"container\" data-settings=\"{&quot;background_background&quot;:&quot;classic&quot;}\">\n\t\t<div class=\"elementor-element elementor-element-6873a52c e-con-full e-flex e-con e-child\" data-id=\"6873a52c\" data-element_type=\"container\" data-e-type=\"container\">\n\t\t\t\t<div class=\"elementor-element elementor-element-2f2deb54 elementor-widget__width-initial elementor-absolute elementor-widget elementor-widget-spacer\" data-id=\"2f2deb54\" data-element_type=\"widget\" data-e-type=\"widget\" data-settings=\"{&quot;_position&quot;:&quot;absolute&quot;,&quot;motion_fx_motion_fx_scrolling&quot;:&quot;yes&quot;,&quot;motion_fx_blur_effect&quot;:&quot;yes&quot;,&quot;motion_fx_blur_level&quot;:{&quot;unit&quot;:&quot;px&quot;,&quot;size&quot;:170,&quot;sizes&quot;:[]},&quot;motion_fx_blur_range&quot;:{&quot;unit&quot;:&quot;%&quot;,&quot;size&quot;:&quot;&quot;,&quot;sizes&quot;:{&quot;start&quot;:100,&quot;end&quot;:100}},&quot;motion_fx_blur_direction&quot;:&quot;out-in&quot;,&quot;motion_fx_devices&quot;:[&quot;desktop&quot;,&quot;tablet&quot;,&quot;mobile&quot;]}\" data-widget_type=\"spacer.default\">\n\t\t\t\t<div class=\"elementor-widget-container\">\n\t\t\t\t\t\t\t<div class=\"elementor-spacer\">\n\t\t\t<div class=\"elementor-spacer-inner\"><\/div>\n\t\t<\/div>\n\t\t\t\t\t\t<\/div>\n\t\t\t\t<\/div>\n\t\t\t\t<div class=\"elementor-element elementor-element-5e114748 animated-slow elementor-invisible elementor-widget elementor-widget-heading\" data-id=\"5e114748\" data-element_type=\"widget\" data-e-type=\"widget\" data-settings=\"{&quot;_animation&quot;:&quot;fadeInLeft&quot;}\" data-widget_type=\"heading.default\">\n\t\t\t\t<div class=\"elementor-widget-container\">\n\t\t\t\t\t<h1 class=\"elementor-heading-title elementor-size-default\">STMKII<\/h1>\t\t\t\t<\/div>\n\t\t\t\t<\/div>\n\t\t\t\t<div class=\"elementor-element elementor-element-e009d37 elementor-widget elementor-widget-Castos Player\" data-id=\"e009d37\" data-element_type=\"widget\" data-e-type=\"widget\" data-widget_type=\"Castos Player.default\">\n\t\t\t\t<div class=\"elementor-widget-container\">\n\t\t\t\t\t<div id=\"2313240421\" class=\"castos-player dark-mode \" tabindex=\"0\" data-episode=\"1583\" data-player_id=\"2313240421\">\n\t<div class=\"player\">\n\t\t<div class=\"player__main\">\n\t\t\t<div class=\"player__artwork player__artwork-1583\">\n\t\t\t\t<img decoding=\"async\" src=\"https:\/\/www.stmkii.fr\/wp-content\/uploads\/2023\/09\/in-mixcloud-150x150.webp\"\n\t\t\t\t\t alt=\"logo stmkii carre\"\n\t\t\t\t\t title=\"Stmkii podcast\">\n\t\t\t<\/div>\n\t\t\t<div class=\"player__body\">\n\t\t\t\t<div class=\"currently-playing\">\n\t\t\t\t\t<div class=\"show player__podcast-title\">\n\t\t\t\t\t\tStmkii podcast\t\t\t\t\t<\/div>\n\t\t\t\t\t<div class=\"episode-title player__episode-title\">Mix Session 2026 \u2013 N\u00b013<\/div>\n\t\t\t\t<\/div>\n\t\t\t\t<div class=\"play-progress\">\n\t\t\t\t\t<div class=\"play-pause-controls\">\n\t\t\t\t\t\t<button title=\"Play\" aria-label=\"Play Episode\" aria-pressed=\"false\" class=\"play-btn\">\n\t\t\t\t\t\t\t<span class=\"screen-reader-text\">Play Episode<\/span>\n\t\t\t\t\t\t<\/button>\n\t\t\t\t\t\t<button title=\"Pause\" aria-label=\"Pause Episode\" aria-pressed=\"false\" class=\"pause-btn hide\">\n\t\t\t\t\t\t\t<span class=\"screen-reader-text\">Pause Episode<\/span>\n\t\t\t\t\t\t<\/button>\n\t\t\t\t\t\t<img decoding=\"async\" src=\"https:\/\/www.stmkii.fr\/wp-content\/plugins\/seriously-simple-podcasting\/assets\/css\/images\/player\/images\/icon-loader.svg\" alt=\"Loading\" class=\"ssp-loader hide\"\/>\n\t\t\t\t\t<\/div>\n\t\t\t\t\t<div>\n\t\t\t\t\t\t<audio preload=\"none\" class=\"clip clip-1583\">\n\t\t\t\t\t\t\t<source src=\"https:\/\/www.stmkii.fr\/podcast-player\/1583\/mix-session-2026-n13.mp3\">\n\t\t\t\t\t\t<\/audio>\n\t\t\t\t\t\t<div class=\"ssp-progress\" role=\"progressbar\" title=\"Seek\" aria-valuenow=\"0\" aria-valuemin=\"0\" aria-valuemax=\"1199\">\n\t\t\t\t\t\t\t<span class=\"progress__filled\"><\/span>\n\t\t\t\t\t\t<\/div>\n\t\t\t\t\t\t<div class=\"ssp-playback playback\">\n\t\t\t\t\t\t\t<div class=\"playback__controls\">\n\t\t\t\t\t\t\t\t<button class=\"player-btn player-btn__volume\" title=\"Mute\/Unmute\">\n\t\t\t\t\t\t\t\t\t<span class=\"screen-reader-text\">Mute\/Unmute Episode<\/span>\n\t\t\t\t\t\t\t\t<\/button>\n\t\t\t\t\t\t\t\t<button data-skip=\"-10\" class=\"player-btn player-btn__rwd\" title=\"Rewind 10 seconds\">\n\t\t\t\t\t\t\t\t\t<span class=\"screen-reader-text\">Rewind 10 Seconds<\/span>\n\t\t\t\t\t\t\t\t<\/button>\n\t\t\t\t\t\t\t\t<button data-speed=\"1\" class=\"player-btn player-btn__speed\" title=\"Playback Speed\" aria-label=\"Playback Speed\">1x<\/button>\n\t\t\t\t\t\t\t\t<button data-skip=\"30\" class=\"player-btn player-btn__fwd\" title=\"Fast Forward 30 seconds\">\n\t\t\t\t\t\t\t\t\t<span class=\"screen-reader-text\">Fast Forward 30 seconds<\/span>\n\t\t\t\t\t\t\t\t<\/button>\n\t\t\t\t\t\t\t<\/div>\n\t\t\t\t\t\t\t<div class=\"playback__timers\">\n\t\t\t\t\t\t\t\t<time class=\"ssp-timer\">00:00<\/time>\n\t\t\t\t\t\t\t\t<span>\/<\/span>\n\t\t\t\t\t\t\t\t<!-- We need actual duration here from the server -->\n\t\t\t\t\t\t\t\t<time class=\"ssp-duration\" datetime=\"PT0H19M59S\">00:19:59<\/time>\n\t\t\t\t\t\t\t<\/div>\n\t\t\t\t\t\t<\/div>\n\t\t\t\t\t<\/div>\n\t\t\t\t<\/div>\n\t\t\t\t\t\t\t\t\t<nav class=\"player-panels-nav\">\n\t\t\t\t\t\t\t\t\t\t\t\t\t<button class=\"subscribe-btn\" id=\"subscribe-btn-1583\" title=\"Subscribe\">Subscribe<\/button>\n\t\t\t\t\t\t\t\t\t\t\t\t\t\t\t\t\t\t\t<button class=\"share-btn\" id=\"share-btn-1583\" title=\"Share\">Share<\/button>\n\t\t\t\t\t\t\t\t\t\t\t<\/nav>\n\t\t\t\t\t\t\t<\/div>\n\t\t<\/div>\n\t<\/div>\n\t\t\t<div class=\"player-panels player-panels-1583\">\n\t\t\t\t\t\t\t<div class=\"subscribe player-panel subscribe-1583\">\n\t\t\t\t\t<div class=\"close-btn close-btn-1583\">\n\t\t\t\t\t\t<span><\/span>\n\t\t\t\t\t\t<span><\/span>\n\t\t\t\t\t<\/div>\n\t\t\t\t\t<div class=\"panel__inner\">\n\t\t\t\t\t\t<div class=\"subscribe-icons\">\n\t\t\t\t\t\t\t\t\t\t\t\t\t\t\t\t\t\t\t\t\t\t\t\t\t\t\t\t\t\t\t\t\t\t\t\t\t\t\t\t\t\t\t\t\t\t\t\t\t\t\t\t\t\t\t\t\t\t\t\t\t\t\t\t\t\t\t\t\t\t\t\t\t<\/div>\n\t\t\t\t\t\t<div class=\"player-panel-row\" aria-label=\"RSS Feed URL\">\n\t\t\t\t\t\t\t<div class=\"title\">RSS Feed<\/div>\n\t\t\t\t\t\t\t<div>\n\t\t\t\t\t\t\t\t<input value=\"https:\/\/www.stmkii.fr\/en\/feed\/podcast\/stmkii-podcast\" class=\"input-rss input-rss-1583\" title=\"RSS Feed URL\" readonly \/>\n\t\t\t\t\t\t\t<\/div>\n\t\t\t\t\t\t\t<button class=\"copy-rss copy-rss-1583\" title=\"Copy RSS Feed URL\" aria-label=\"Copy RSS Feed URL\"><\/button>\n\t\t\t\t\t\t<\/div>\n\t\t\t\t\t<\/div>\n\t\t\t\t<\/div>\n\t\t\t\t\t\t\t\t\t\t<div class=\"share share-1583 player-panel\">\n\t\t\t\t\t<div class=\"close-btn close-btn-1583\">\n\t\t\t\t\t\t<span><\/span>\n\t\t\t\t\t\t<span><\/span>\n\t\t\t\t\t<\/div>\n\t\t\t\t\t<div class=\"player-panel-row\">\n\t\t\t\t\t\t<div class=\"title\">\n\t\t\t\t\t\t\tShare\t\t\t\t\t\t<\/div>\n\t\t\t\t\t\t<div class=\"icons-holder\">\n\t\t\t\t\t\t\t<a href=\"https:\/\/www.facebook.com\/sharer\/sharer.php?u=https:\/\/www.stmkii.fr\/en\/podcast\/mix-session-2026-n13\/&t=Mix Session 2026 \u2013 N\u00b013\"\n\t\t\t\t\t\t\t   target=\"_blank\" rel=\"noopener noreferrer\" class=\"share-icon facebook\" title=\"Share on Facebook\">\n\t\t\t\t\t\t\t\t<span><\/span>\n\t\t\t\t\t\t\t<\/a>\n\t\t\t\t\t\t\t<a href=\"https:\/\/twitter.com\/intent\/tweet?text=https:\/\/www.stmkii.fr\/en\/podcast\/mix-session-2026-n13\/&url=Mix Session 2026 \u2013 N\u00b013\"\n\t\t\t\t\t\t\t   target=\"_blank\" rel=\"noopener noreferrer\" class=\"share-icon twitter\" title=\"Share on Twitter\">\n\t\t\t\t\t\t\t\t<span><\/span>\n\t\t\t\t\t\t\t<\/a>\n\t\t\t\t\t\t\t<a href=\"https:\/\/www.stmkii.fr\/podcast-player\/1583\/mix-session-2026-n13.mp3\"\n\t\t\t\t\t\t\t   target=\"_blank\" rel=\"noopener noreferrer\" class=\"share-icon download\" title=\"Download\" download>\n\t\t\t\t\t\t\t\t<span><\/span>\n\t\t\t\t\t\t\t<\/a>\n\t\t\t\t\t\t<\/div>\n\t\t\t\t\t<\/div>\n\t\t\t\t\t<div class=\"player-panel-row\">\n\t\t\t\t\t\t<div class=\"title\">\n\t\t\t\t\t\t\tLink\t\t\t\t\t\t<\/div>\n\t\t\t\t\t\t<div>\n\t\t\t\t\t\t\t<input value=\"https:\/\/www.stmkii.fr\/en\/podcast\/mix-session-2026-n13\/\" class=\"input-link input-link-1583\" title=\"Episode URL\" readonly \/>\n\t\t\t\t\t\t<\/div>\n\t\t\t\t\t\t<button class=\"copy-link copy-link-1583\" title=\"Copy Episode URL\" aria-label=\"Copy Episode URL\" readonly=\"\"><\/button>\n\t\t\t\t\t<\/div>\n\t\t\t\t\t<div class=\"player-panel-row\">\n\t\t\t\t\t\t<div class=\"title\">\n\t\t\t\t\t\t\tEmbed\t\t\t\t\t\t<\/div>\n\t\t\t\t\t\t<div style=\"height: 10px;\">\n\t\t\t\t\t\t\t<input type=\"text\" value='&lt;blockquote class=&quot;wp-embedded-content&quot; data-secret=&quot;T9iJWO7Qfv&quot;&gt;&lt;a href=&quot;https:\/\/www.stmkii.fr\/en\/podcast\/mix-session-2026-n13\/&quot;&gt;Mix Session 2026 \u2013 N\u00b013&lt;\/a&gt;&lt;\/blockquote&gt;&lt;iframe sandbox=&quot;allow-scripts&quot; security=&quot;restricted&quot; src=&quot;https:\/\/www.stmkii.fr\/en\/podcast\/mix-session-2026-n13\/embed\/#?secret=T9iJWO7Qfv&quot; width=&quot;500&quot; height=&quot;350&quot; title=&quot;&#8220;Mix Session 2026 \u2013 N\u00b013&#8221; &#8212; DJ Stmkii&quot; data-secret=&quot;T9iJWO7Qfv&quot; frameborder=&quot;0&quot; marginwidth=&quot;0&quot; marginheight=&quot;0&quot; scrolling=&quot;no&quot; class=&quot;wp-embedded-content&quot;&gt;&lt;\/iframe&gt;&lt;script&gt;\n\/*! This file is auto-generated *\/\n!function(d,l){&quot;use strict&quot;;l.querySelector&amp;&amp;d.addEventListener&amp;&amp;&quot;undefined&quot;!=typeof URL&amp;&amp;(d.wp=d.wp||{},d.wp.receiveEmbedMessage||(d.wp.receiveEmbedMessage=function(e){var t=e.data;if((t||t.secret||t.message||t.value)&amp;&amp;!\/[^a-zA-Z0-9]\/.test(t.secret)){for(var s,r,n,a=l.querySelectorAll(&#039;iframe[data-secret=&quot;&#039;+t.secret+&#039;&quot;]&#039;),o=l.querySelectorAll(&#039;blockquote[data-secret=&quot;&#039;+t.secret+&#039;&quot;]&#039;),c=new RegExp(&quot;^https?:$&quot;,&quot;i&quot;),i=0;i&lt;o.length;i++)o[i].style.display=&quot;none&quot;;for(i=0;i&lt;a.length;i++)s=a[i],e.source===s.contentWindow&amp;&amp;(s.removeAttribute(&quot;style&quot;),&quot;height&quot;===t.message?(1e3&lt;(r=parseInt(t.value,10))?r=1e3:~~r&lt;200&amp;&amp;(r=200),s.height=r):&quot;link&quot;===t.message&amp;&amp;(r=new URL(s.getAttribute(&quot;src&quot;)),n=new URL(t.value),c.test(n.protocol))&amp;&amp;n.host===r.host&amp;&amp;l.activeElement===s&amp;&amp;(d.top.location.href=t.value))}},d.addEventListener(&quot;message&quot;,d.wp.receiveEmbedMessage,!1),l.addEventListener(&quot;DOMContentLoaded&quot;,function(){for(var e,t,s=l.querySelectorAll(&quot;iframe.wp-embedded-content&quot;),r=0;r&lt;s.length;r++)(t=(e=s[r]).getAttribute(&quot;data-secret&quot;))||(t=Math.random().toString(36).substring(2,12),e.src+=&quot;#?secret=&quot;+t,e.setAttribute(&quot;data-secret&quot;,t)),e.contentWindow.postMessage({message:&quot;ready&quot;,secret:t},&quot;*&quot;)},!1)))}(window,document);\n\/\/# sourceURL=https:\/\/www.stmkii.fr\/wp-includes\/js\/wp-embed.min.js\n&lt;\/script&gt;\n'\n\t\t\t\t\t\t\t\t   title=\"Embed Code\"\n\t\t\t\t\t\t\t\t   class=\"input-embed input-embed-1583\" readonly\/>\n\t\t\t\t\t\t<\/div>\n\t\t\t\t\t\t<button class=\"copy-embed copy-embed-1583\" title=\"Copy Embed Code\" aria-label=\"Copy Embed Code\"><\/button>\n\t\t\t\t\t<\/div>\n\t\t\t\t<\/div>\n\t\t\t\t\t<\/div>\n\t\n\t\n\n\t<\/div>\n<div class=\"podcast_meta\"><aside><p><a href=\"https:\/\/www.stmkii.fr\/podcast-download\/1583\/mix-session-2026-n13.mp3?ref=download\" title=\"Home \" class=\"podcast-meta-download\">Download file<\/a> | <a href=\"https:\/\/www.stmkii.fr\/podcast-download\/1583\/mix-session-2026-n13.mp3?ref=new_window\" target=\"_blank\" title=\"Home \" class=\"podcast-meta-new-window\">Play in new window<\/a> | <span class=\"podcast-meta-duration\">Duration: 00:19:59<\/span> | <span class=\"podcast-meta-date\">Recorded on 9 April 2026<\/span><\/p><\/aside><\/div>\t\t\t\t<\/div>\n\t\t\t\t<\/div>\n\t\t\t\t<\/div>\n\t\t<div class=\"elementor-element elementor-element-6d05b5e6 animated-slow e-con-full e-flex elementor-invisible e-con e-child\" data-id=\"6d05b5e6\" data-element_type=\"container\" data-e-type=\"container\" data-settings=\"{&quot;background_background&quot;:&quot;classic&quot;,&quot;animation&quot;:&quot;fadeInUp&quot;,&quot;animation_delay&quot;:300}\">\n\t\t\t\t<div class=\"elementor-element elementor-element-3cf0e59 elementor-align-center elementor-invisible elementor-widget elementor-widget-button\" data-id=\"3cf0e59\" data-element_type=\"widget\" data-e-type=\"widget\" data-settings=\"{&quot;_animation&quot;:&quot;fadeInLeft&quot;}\" data-widget_type=\"button.default\">\n\t\t\t\t<div class=\"elementor-widget-container\">\n\t\t\t\t\t\t\t\t\t<div class=\"elementor-button-wrapper\">\n\t\t\t\t\t<a class=\"elementor-button elementor-button-link elementor-size-sm\" href=\"https:\/\/stmkii.fr\/?page_id=261\">\n\t\t\t\t\t\t<span class=\"elementor-button-content-wrapper\">\n\t\t\t\t\t\t\t\t\t<span class=\"elementor-button-text\">Productions musicales<\/span>\n\t\t\t\t\t<\/span>\n\t\t\t\t\t<\/a>\n\t\t\t\t<\/div>\n\t\t\t\t\t\t\t\t<\/div>\n\t\t\t\t<\/div>\n\t\t\t\t<div class=\"elementor-element elementor-element-6194783 elementor-align-center elementor-invisible elementor-widget elementor-widget-button\" data-id=\"6194783\" data-element_type=\"widget\" data-e-type=\"widget\" data-settings=\"{&quot;_animation&quot;:&quot;fadeInLeft&quot;}\" data-widget_type=\"button.default\">\n\t\t\t\t<div class=\"elementor-widget-container\">\n\t\t\t\t\t\t\t\t\t<div class=\"elementor-button-wrapper\">\n\t\t\t\t\t<a class=\"elementor-button elementor-button-link elementor-size-sm\" href=\"https:\/\/stmkii.fr\/?page_id=189\">\n\t\t\t\t\t\t<span class=\"elementor-button-content-wrapper\">\n\t\t\t\t\t\t\t\t\t<span class=\"elementor-button-text\">Podcasts<\/span>\n\t\t\t\t\t<\/span>\n\t\t\t\t\t<\/a>\n\t\t\t\t<\/div>\n\t\t\t\t\t\t\t\t<\/div>\n\t\t\t\t<\/div>\n\t\t\t\t<\/div>\n\t\t\t\t<\/div>\n\t\t<div class=\"elementor-element elementor-element-3877f01f e-con-full e-flex e-con e-parent\" data-id=\"3877f01f\" data-element_type=\"container\" data-e-type=\"container\">\n\t\t\t\t<div class=\"elementor-element elementor-element-79fd9f67 elementor-icon-list--layout-inline elementor-align-center elementor-list-item-link-full_width elementor-widget elementor-widget-icon-list\" data-id=\"79fd9f67\" data-element_type=\"widget\" data-e-type=\"widget\" data-settings=\"{&quot;motion_fx_motion_fx_scrolling&quot;:&quot;yes&quot;,&quot;motion_fx_translateX_effect&quot;:&quot;yes&quot;,&quot;motion_fx_translateX_speed&quot;:{&quot;unit&quot;:&quot;px&quot;,&quot;size&quot;:5,&quot;sizes&quot;:[]},&quot;motion_fx_translateX_affectedRange&quot;:{&quot;unit&quot;:&quot;%&quot;,&quot;size&quot;:&quot;&quot;,&quot;sizes&quot;:{&quot;start&quot;:0,&quot;end&quot;:100}},&quot;motion_fx_devices&quot;:[&quot;desktop&quot;,&quot;tablet&quot;,&quot;mobile&quot;]}\" data-widget_type=\"icon-list.default\">\n\t\t\t\t<div class=\"elementor-widget-container\">\n\t\t\t\t\t\t\t<ul class=\"elementor-icon-list-items elementor-inline-items\">\n\t\t\t\t\t\t\t<li class=\"elementor-icon-list-item elementor-inline-item\">\n\t\t\t\t\t\t\t\t\t\t\t<span class=\"elementor-icon-list-icon\">\n\t\t\t\t\t\t\t<i aria-hidden=\"true\" class=\"fas fa-music\"><\/i>\t\t\t\t\t\t<\/span>\n\t\t\t\t\t\t\t\t\t\t<span class=\"elementor-icon-list-text\">Plongez dans l'Exp\u00e9rience Sonore avec Stmkii<\/span>\n\t\t\t\t\t\t\t\t\t<\/li>\n\t\t\t\t\t\t\t\t<li class=\"elementor-icon-list-item elementor-inline-item\">\n\t\t\t\t\t\t\t\t\t\t\t<span class=\"elementor-icon-list-icon\">\n\t\t\t\t\t\t\t<i aria-hidden=\"true\" class=\"fas fa-music\"><\/i>\t\t\t\t\t\t<\/span>\n\t\t\t\t\t\t\t\t\t\t<span class=\"elementor-icon-list-text\"><\/span>\n\t\t\t\t\t\t\t\t\t<\/li>\n\t\t\t\t\t\t<\/ul>\n\t\t\t\t\t\t<\/div>\n\t\t\t\t<\/div>\n\t\t\t\t<\/div>\n\t\t<div class=\"elementor-element elementor-element-550b17c e-flex e-con-boxed e-con e-parent\" data-id=\"550b17c\" data-element_type=\"container\" data-e-type=\"container\" data-settings=\"{&quot;background_background&quot;:&quot;classic&quot;}\">\n\t\t\t\t\t<div class=\"e-con-inner\">\n\t\t\t\t<div class=\"elementor-element elementor-element-fcfbaaf elementor-widget elementor-widget-text-editor\" data-id=\"fcfbaaf\" data-element_type=\"widget\" data-e-type=\"widget\" data-widget_type=\"text-editor.default\">\n\t\t\t\t<div class=\"elementor-widget-container\">\n\t\t\t\t\t\t\t\t\t<p>Bienvenue dans l&rsquo;univers de Stmkii, l\u00e0 o\u00f9 la musique prend vie et les beats r\u00e9sonnent avec passion.<br>&nbsp;D\u00e9couvrez une collection envo\u00fbtante de titres originaux qui repoussent les fronti\u00e8res de l&rsquo;\u00e9lectro.<\/p>\t\t\t\t\t\t\t\t<\/div>\n\t\t\t\t<\/div>\n\t\t\t\t\t<\/div>\n\t\t\t\t<\/div>\n\t\t\t\t<\/div>\n\t\t","protected":false},"excerpt":{"rendered":"<p>STMKII Productions musicales Podcasts Plongez dans l&rsquo;Exp\u00e9rience Sonore avec Stmkii Bienvenue dans l&rsquo;univers de Stmkii, l\u00e0 o\u00f9 la musique prend vie et les beats r\u00e9sonnent avec passion.&nbsp;D\u00e9couvrez une collection envo\u00fbtante de titres originaux qui repoussent les fronti\u00e8res de l&rsquo;\u00e9lectro.<\/p>","protected":false},"author":1,"featured_media":0,"parent":0,"menu_order":0,"comment_status":"closed","ping_status":"closed","template":"elementor_header_footer","meta":{"_seopress_robots_primary_cat":"","_seopress_titles_title":"","_seopress_titles_desc":"","_seopress_robots_index":"","episode_type":"","audio_file":"","cover_image":"","cover_image_id":"","duration":"","filesize":"","filesize_raw":"","date_recorded":"","explicit":"","block":"","footnotes":""},"class_list":["post-135","page","type-page","status-publish","hentry"],"_links":{"self":[{"href":"https:\/\/www.stmkii.fr\/en\/wp-json\/wp\/v2\/pages\/135","targetHints":{"allow":["GET"]}}],"collection":[{"href":"https:\/\/www.stmkii.fr\/en\/wp-json\/wp\/v2\/pages"}],"about":[{"href":"https:\/\/www.stmkii.fr\/en\/wp-json\/wp\/v2\/types\/page"}],"author":[{"embeddable":true,"href":"https:\/\/www.stmkii.fr\/en\/wp-json\/wp\/v2\/users\/1"}],"replies":[{"embeddable":true,"href":"https:\/\/www.stmkii.fr\/en\/wp-json\/wp\/v2\/comments?post=135"}],"version-history":[{"count":136,"href":"https:\/\/www.stmkii.fr\/en\/wp-json\/wp\/v2\/pages\/135\/revisions"}],"predecessor-version":[{"id":1141,"href":"https:\/\/www.stmkii.fr\/en\/wp-json\/wp\/v2\/pages\/135\/revisions\/1141"}],"wp:attachment":[{"href":"https:\/\/www.stmkii.fr\/en\/wp-json\/wp\/v2\/media?parent=135"}],"curies":[{"name":"wp","href":"https:\/\/api.w.org\/{rel}","templated":true}]}}