{"id":189,"date":"2023-09-20T21:58:36","date_gmt":"2023-09-20T19:58:36","guid":{"rendered":"https:\/\/stmkii.fr\/?page_id=189"},"modified":"2024-06-01T08:41:33","modified_gmt":"2024-06-01T06:41:33","slug":"podcasts","status":"publish","type":"page","link":"https:\/\/www.stmkii.fr\/en\/podcasts\/","title":{"rendered":"Podcasts"},"content":{"rendered":"<div data-elementor-type=\"wp-page\" data-elementor-id=\"189\" class=\"elementor elementor-189\" data-elementor-post-type=\"page\">\n\t\t\t\t<div class=\"elementor-element elementor-element-d81bcbb e-flex e-con-boxed e-con e-parent\" data-id=\"d81bcbb\" data-element_type=\"container\" data-e-type=\"container\">\n\t\t\t\t\t<div class=\"e-con-inner\">\n\t\t\t\t<div class=\"elementor-element elementor-element-9ef29fe elementor-widget elementor-widget-heading\" data-id=\"9ef29fe\" data-element_type=\"widget\" data-e-type=\"widget\" data-widget_type=\"heading.default\">\n\t\t\t\t<div class=\"elementor-widget-container\">\n\t\t\t\t\t<h1 class=\"elementor-heading-title elementor-size-default\">Stmkii's podcaSts<\/h1>\t\t\t\t<\/div>\n\t\t\t\t<\/div>\n\t\t\t\t\t<\/div>\n\t\t\t\t<\/div>\n\t\t<div class=\"elementor-element elementor-element-a61d35d e-flex e-con-boxed e-con e-parent\" data-id=\"a61d35d\" data-element_type=\"container\" data-e-type=\"container\">\n\t\t\t\t\t<div class=\"e-con-inner\">\n\t\t\t\t<div class=\"elementor-element elementor-element-b7d48ff elementor-widget elementor-widget-text-editor\" data-id=\"b7d48ff\" data-element_type=\"widget\" data-e-type=\"widget\" data-widget_type=\"text-editor.default\">\n\t\t\t\t<div class=\"elementor-widget-container\">\n\t\t\t\t\t\t\t\t\t<p>Explore my world through an exclusive collection of mixes available for free download. Each mix is \u200b\u200ba carefully orchestrated musical experience, taking you on an unforgettable sonic journey.<\/p>\t\t\t\t\t\t\t\t<\/div>\n\t\t\t\t<\/div>\n\t\t\t\t\t<\/div>\n\t\t\t\t<\/div>\n\t\t<div class=\"elementor-element elementor-element-a585e3f e-flex e-con-boxed e-con e-parent\" data-id=\"a585e3f\" data-element_type=\"container\" data-e-type=\"container\" data-settings=\"{&quot;background_background&quot;:&quot;classic&quot;}\">\n\t\t\t\t\t<div class=\"e-con-inner\">\n\t\t\t\t<div class=\"elementor-element elementor-element-5ef493c elementor-widget elementor-widget-Recent Episodes\" data-id=\"5ef493c\" data-element_type=\"widget\" data-e-type=\"widget\" data-widget_type=\"Recent Episodes.default\">\n\t\t\t\t<div class=\"elementor-widget-container\">\n\t\t\t\t\t<div class=\"elementor-section elementor-section-boxed\">\n\t<style>\n\t\t:root {\n\t\t\t--ssp-recent-episodes-columns: 6\t\t}\n\t<\/style>\n\t<div class=\"elementor-container\">\n\t\t<div id=\"ssp-recent-episodes\" class=\"recent-episodes\">\n\t\t\t<div class=\"ssp-recent-episodes-items\">\n\t\t\t\t\t\t\t\t\t<div class=\"ssp-recent-episode-post\">\n\t\t\t\t\t\t\t\t\t\t\t\t<a href=\"https:\/\/www.stmkii.fr\/en\/podcast\/mix-session-2026-n13\/\" title=\"Mix Session 2026 \u2013 N\u00b013\">\n\t\t\t\t\t\t\t\t\t\t\t\t\t\t<img decoding=\"async\" src=\"https:\/\/www.stmkii.fr\/wp-content\/uploads\/2023\/09\/in-mix-300x150.webp\" alt=\"Mix Session 2026 \u2013 N\u00b013\">\n\t\t\t\t\t\t<\/a>\n\t\t\t\t\t\t\n\t\t\t\t\t\t\t\t\t\t\t\t<h4>\n\t\t\t\t\t\t\t<a href=\"https:\/\/www.stmkii.fr\/en\/podcast\/mix-session-2026-n13\/\"\n\t\t\t\t\t\t\t   title=\"Mix Session 2026 \u2013 N\u00b013\">Mix Session 2026 \u2013 N\u00b013<\/a>\n\t\t\t\t\t\t<\/h4>\n\t\t\t\t\t\t\t\t\t\t\t\t\n\t\t\t\t\t\t<p class=\"ssp-recent-episode-post__date\">April 18, 2026<\/p>\n\t\t\t\t\t\t\t\t\t\t\t\t\t\t\t\t\t\t<p class=\"ssp-recent-episode-post__excerpt\"><\/p>\n\t\t\t\t\t\t\n\n\t\t\t\t\t\t\t\t\t\t\t\t<a href=\"https:\/\/www.stmkii.fr\/en\/podcast\/mix-session-2026-n13\/\"\n\t\t\t\t\t\t   title=\"Mix Session 2026 \u2013 N\u00b013\" class=\"view-episode\">Listen \u2192<\/a>\n\t\t\t\t\t\t\t\t\t\t\t<\/div>\n\t\t\t\t\t\t\t\t\t<div class=\"ssp-recent-episode-post\">\n\t\t\t\t\t\t\t\t\t\t\t\t<a href=\"https:\/\/www.stmkii.fr\/en\/podcast\/mix-session-2026-n12\/\" title=\"Mix Session 2026 \u2013 N\u00b012\">\n\t\t\t\t\t\t\t\t\t\t\t\t\t\t<img decoding=\"async\" src=\"https:\/\/www.stmkii.fr\/wp-content\/uploads\/2023\/09\/in-mix-300x150.webp\" alt=\"Mix Session 2026 \u2013 N\u00b012\">\n\t\t\t\t\t\t<\/a>\n\t\t\t\t\t\t\n\t\t\t\t\t\t\t\t\t\t\t\t<h4>\n\t\t\t\t\t\t\t<a href=\"https:\/\/www.stmkii.fr\/en\/podcast\/mix-session-2026-n12\/\"\n\t\t\t\t\t\t\t   title=\"Mix Session 2026 \u2013 N\u00b012\">Mix Session 2026 \u2013 N\u00b012<\/a>\n\t\t\t\t\t\t<\/h4>\n\t\t\t\t\t\t\t\t\t\t\t\t\n\t\t\t\t\t\t<p class=\"ssp-recent-episode-post__date\">April 11, 2026<\/p>\n\t\t\t\t\t\t\t\t\t\t\t\t\t\t\t\t\t\t<p class=\"ssp-recent-episode-post__excerpt\"><\/p>\n\t\t\t\t\t\t\n\n\t\t\t\t\t\t\t\t\t\t\t\t<a href=\"https:\/\/www.stmkii.fr\/en\/podcast\/mix-session-2026-n12\/\"\n\t\t\t\t\t\t   title=\"Mix Session 2026 \u2013 N\u00b012\" class=\"view-episode\">Listen \u2192<\/a>\n\t\t\t\t\t\t\t\t\t\t\t<\/div>\n\t\t\t\t\t\t\t\t\t<div class=\"ssp-recent-episode-post\">\n\t\t\t\t\t\t\t\t\t\t\t\t<a href=\"https:\/\/www.stmkii.fr\/en\/podcast\/mix-session-2026-n11\/\" title=\"Mix Session 2026 \u2013 N\u00b011\">\n\t\t\t\t\t\t\t\t\t\t\t\t\t\t<img decoding=\"async\" src=\"https:\/\/www.stmkii.fr\/wp-content\/uploads\/2023\/09\/in-mix-300x150.webp\" alt=\"Mix Session 2026 \u2013 N\u00b011\">\n\t\t\t\t\t\t<\/a>\n\t\t\t\t\t\t\n\t\t\t\t\t\t\t\t\t\t\t\t<h4>\n\t\t\t\t\t\t\t<a href=\"https:\/\/www.stmkii.fr\/en\/podcast\/mix-session-2026-n11\/\"\n\t\t\t\t\t\t\t   title=\"Mix Session 2026 \u2013 N\u00b011\">Mix Session 2026 \u2013 N\u00b011<\/a>\n\t\t\t\t\t\t<\/h4>\n\t\t\t\t\t\t\t\t\t\t\t\t\n\t\t\t\t\t\t<p class=\"ssp-recent-episode-post__date\">April 4, 2026<\/p>\n\t\t\t\t\t\t\t\t\t\t\t\t\t\t\t\t\t\t<p class=\"ssp-recent-episode-post__excerpt\"><\/p>\n\t\t\t\t\t\t\n\n\t\t\t\t\t\t\t\t\t\t\t\t<a href=\"https:\/\/www.stmkii.fr\/en\/podcast\/mix-session-2026-n11\/\"\n\t\t\t\t\t\t   title=\"Mix Session 2026 \u2013 N\u00b011\" class=\"view-episode\">Listen \u2192<\/a>\n\t\t\t\t\t\t\t\t\t\t\t<\/div>\n\t\t\t\t\t\t\t\t\t<div class=\"ssp-recent-episode-post\">\n\t\t\t\t\t\t\t\t\t\t\t\t<a href=\"https:\/\/www.stmkii.fr\/en\/podcast\/mix-session-2026-n10\/\" title=\"Mix Session 2026 \u2013 N\u00b010\">\n\t\t\t\t\t\t\t\t\t\t\t\t\t\t<img decoding=\"async\" src=\"https:\/\/www.stmkii.fr\/wp-content\/uploads\/2023\/09\/in-mix-300x150.webp\" alt=\"Mix Session 2026 \u2013 N\u00b010\">\n\t\t\t\t\t\t<\/a>\n\t\t\t\t\t\t\n\t\t\t\t\t\t\t\t\t\t\t\t<h4>\n\t\t\t\t\t\t\t<a href=\"https:\/\/www.stmkii.fr\/en\/podcast\/mix-session-2026-n10\/\"\n\t\t\t\t\t\t\t   title=\"Mix Session 2026 \u2013 N\u00b010\">Mix Session 2026 \u2013 N\u00b010<\/a>\n\t\t\t\t\t\t<\/h4>\n\t\t\t\t\t\t\t\t\t\t\t\t\n\t\t\t\t\t\t<p class=\"ssp-recent-episode-post__date\">March 28, 2026<\/p>\n\t\t\t\t\t\t\t\t\t\t\t\t\t\t\t\t\t\t<p class=\"ssp-recent-episode-post__excerpt\"><\/p>\n\t\t\t\t\t\t\n\n\t\t\t\t\t\t\t\t\t\t\t\t<a href=\"https:\/\/www.stmkii.fr\/en\/podcast\/mix-session-2026-n10\/\"\n\t\t\t\t\t\t   title=\"Mix Session 2026 \u2013 N\u00b010\" class=\"view-episode\">Listen \u2192<\/a>\n\t\t\t\t\t\t\t\t\t\t\t<\/div>\n\t\t\t\t\t\t\t\t\t<div class=\"ssp-recent-episode-post\">\n\t\t\t\t\t\t\t\t\t\t\t\t<a href=\"https:\/\/www.stmkii.fr\/en\/podcast\/mix-session-2026-n09\/\" title=\"Mix Session 2026 \u2013 N\u00b009\">\n\t\t\t\t\t\t\t\t\t\t\t\t\t\t<img decoding=\"async\" src=\"https:\/\/www.stmkii.fr\/wp-content\/uploads\/2023\/09\/in-mix-300x150.webp\" alt=\"Mix Session 2026 \u2013 N\u00b009\">\n\t\t\t\t\t\t<\/a>\n\t\t\t\t\t\t\n\t\t\t\t\t\t\t\t\t\t\t\t<h4>\n\t\t\t\t\t\t\t<a href=\"https:\/\/www.stmkii.fr\/en\/podcast\/mix-session-2026-n09\/\"\n\t\t\t\t\t\t\t   title=\"Mix Session 2026 \u2013 N\u00b009\">Mix Session 2026 \u2013 N\u00b009<\/a>\n\t\t\t\t\t\t<\/h4>\n\t\t\t\t\t\t\t\t\t\t\t\t\n\t\t\t\t\t\t<p class=\"ssp-recent-episode-post__date\">March 21, 2026<\/p>\n\t\t\t\t\t\t\t\t\t\t\t\t\t\t\t\t\t\t<p class=\"ssp-recent-episode-post__excerpt\"><\/p>\n\t\t\t\t\t\t\n\n\t\t\t\t\t\t\t\t\t\t\t\t<a href=\"https:\/\/www.stmkii.fr\/en\/podcast\/mix-session-2026-n09\/\"\n\t\t\t\t\t\t   title=\"Mix Session 2026 \u2013 N\u00b009\" class=\"view-episode\">Listen \u2192<\/a>\n\t\t\t\t\t\t\t\t\t\t\t<\/div>\n\t\t\t\t\t\t\t\t\t<div class=\"ssp-recent-episode-post\">\n\t\t\t\t\t\t\t\t\t\t\t\t<a href=\"https:\/\/www.stmkii.fr\/en\/podcast\/mix-session-2026-n08\/\" title=\"Mix Session 2026 - N\u00b008\">\n\t\t\t\t\t\t\t\t\t\t\t\t\t\t<img decoding=\"async\" src=\"https:\/\/www.stmkii.fr\/wp-content\/uploads\/2023\/09\/in-mix-300x150.webp\" alt=\"Mix Session 2026 - N\u00b008\">\n\t\t\t\t\t\t<\/a>\n\t\t\t\t\t\t\n\t\t\t\t\t\t\t\t\t\t\t\t<h4>\n\t\t\t\t\t\t\t<a href=\"https:\/\/www.stmkii.fr\/en\/podcast\/mix-session-2026-n08\/\"\n\t\t\t\t\t\t\t   title=\"Mix Session 2026 - N\u00b008\">Mix Session 2026 - N\u00b008<\/a>\n\t\t\t\t\t\t<\/h4>\n\t\t\t\t\t\t\t\t\t\t\t\t\n\t\t\t\t\t\t<p class=\"ssp-recent-episode-post__date\">March 14, 2026<\/p>\n\t\t\t\t\t\t\t\t\t\t\t\t\t\t\t\t\t\t<p class=\"ssp-recent-episode-post__excerpt\"><\/p>\n\t\t\t\t\t\t\n\n\t\t\t\t\t\t\t\t\t\t\t\t<a href=\"https:\/\/www.stmkii.fr\/en\/podcast\/mix-session-2026-n08\/\"\n\t\t\t\t\t\t   title=\"Mix Session 2026 - N\u00b008\" class=\"view-episode\">Listen \u2192<\/a>\n\t\t\t\t\t\t\t\t\t\t\t<\/div>\n\t\t\t\t\t\t\t\t\t<div class=\"ssp-recent-episode-post\">\n\t\t\t\t\t\t\t\t\t\t\t\t<a href=\"https:\/\/www.stmkii.fr\/en\/podcast\/mix-session-2026-n07\/\" title=\"Mix Session 2026 - N\u00b007\">\n\t\t\t\t\t\t\t\t\t\t\t\t\t\t<img decoding=\"async\" src=\"https:\/\/www.stmkii.fr\/wp-content\/uploads\/2023\/09\/in-mix-300x150.webp\" alt=\"Mix Session 2026 - N\u00b007\">\n\t\t\t\t\t\t<\/a>\n\t\t\t\t\t\t\n\t\t\t\t\t\t\t\t\t\t\t\t<h4>\n\t\t\t\t\t\t\t<a href=\"https:\/\/www.stmkii.fr\/en\/podcast\/mix-session-2026-n07\/\"\n\t\t\t\t\t\t\t   title=\"Mix Session 2026 - N\u00b007\">Mix Session 2026 - N\u00b007<\/a>\n\t\t\t\t\t\t<\/h4>\n\t\t\t\t\t\t\t\t\t\t\t\t\n\t\t\t\t\t\t<p class=\"ssp-recent-episode-post__date\">March 7, 2026<\/p>\n\t\t\t\t\t\t\t\t\t\t\t\t\t\t\t\t\t\t<p class=\"ssp-recent-episode-post__excerpt\"><\/p>\n\t\t\t\t\t\t\n\n\t\t\t\t\t\t\t\t\t\t\t\t<a href=\"https:\/\/www.stmkii.fr\/en\/podcast\/mix-session-2026-n07\/\"\n\t\t\t\t\t\t   title=\"Mix Session 2026 - N\u00b007\" class=\"view-episode\">Listen \u2192<\/a>\n\t\t\t\t\t\t\t\t\t\t\t<\/div>\n\t\t\t\t\t\t\t\t\t<div class=\"ssp-recent-episode-post\">\n\t\t\t\t\t\t\t\t\t\t\t\t<a href=\"https:\/\/www.stmkii.fr\/en\/podcast\/mix-session-2026-n06\/\" title=\"Mix Session 2026 - N\u00b006\">\n\t\t\t\t\t\t\t\t\t\t\t\t\t\t<img decoding=\"async\" src=\"https:\/\/www.stmkii.fr\/wp-content\/uploads\/2023\/09\/in-mix-300x150.webp\" alt=\"Mix Session 2026 - N\u00b006\">\n\t\t\t\t\t\t<\/a>\n\t\t\t\t\t\t\n\t\t\t\t\t\t\t\t\t\t\t\t<h4>\n\t\t\t\t\t\t\t<a href=\"https:\/\/www.stmkii.fr\/en\/podcast\/mix-session-2026-n06\/\"\n\t\t\t\t\t\t\t   title=\"Mix Session 2026 - N\u00b006\">Mix Session 2026 - N\u00b006<\/a>\n\t\t\t\t\t\t<\/h4>\n\t\t\t\t\t\t\t\t\t\t\t\t\n\t\t\t\t\t\t<p class=\"ssp-recent-episode-post__date\">February 26, 2026<\/p>\n\t\t\t\t\t\t\t\t\t\t\t\t\t\t\t\t\t\t<p class=\"ssp-recent-episode-post__excerpt\"><\/p>\n\t\t\t\t\t\t\n\n\t\t\t\t\t\t\t\t\t\t\t\t<a href=\"https:\/\/www.stmkii.fr\/en\/podcast\/mix-session-2026-n06\/\"\n\t\t\t\t\t\t   title=\"Mix Session 2026 - N\u00b006\" class=\"view-episode\">Listen \u2192<\/a>\n\t\t\t\t\t\t\t\t\t\t\t<\/div>\n\t\t\t\t\t\t\t\t\t<div class=\"ssp-recent-episode-post\">\n\t\t\t\t\t\t\t\t\t\t\t\t<a href=\"https:\/\/www.stmkii.fr\/en\/podcast\/mix-session-2026-n05\/\" title=\"Mix Session 2026 \u2013 N\u00b005\">\n\t\t\t\t\t\t\t\t\t\t\t\t\t\t<img decoding=\"async\" src=\"https:\/\/www.stmkii.fr\/wp-content\/uploads\/2023\/09\/in-mix-300x150.webp\" alt=\"Mix Session 2026 \u2013 N\u00b005\">\n\t\t\t\t\t\t<\/a>\n\t\t\t\t\t\t\n\t\t\t\t\t\t\t\t\t\t\t\t<h4>\n\t\t\t\t\t\t\t<a href=\"https:\/\/www.stmkii.fr\/en\/podcast\/mix-session-2026-n05\/\"\n\t\t\t\t\t\t\t   title=\"Mix Session 2026 \u2013 N\u00b005\">Mix Session 2026 \u2013 N\u00b005<\/a>\n\t\t\t\t\t\t<\/h4>\n\t\t\t\t\t\t\t\t\t\t\t\t\n\t\t\t\t\t\t<p class=\"ssp-recent-episode-post__date\">February 23, 2026<\/p>\n\t\t\t\t\t\t\t\t\t\t\t\t\t\t\t\t\t\t<p class=\"ssp-recent-episode-post__excerpt\"><\/p>\n\t\t\t\t\t\t\n\n\t\t\t\t\t\t\t\t\t\t\t\t<a href=\"https:\/\/www.stmkii.fr\/en\/podcast\/mix-session-2026-n05\/\"\n\t\t\t\t\t\t   title=\"Mix Session 2026 \u2013 N\u00b005\" class=\"view-episode\">Listen \u2192<\/a>\n\t\t\t\t\t\t\t\t\t\t\t<\/div>\n\t\t\t\t\t\t\t\t\t<div class=\"ssp-recent-episode-post\">\n\t\t\t\t\t\t\t\t\t\t\t\t<a href=\"https:\/\/www.stmkii.fr\/en\/podcast\/mix-session-2026-n04\/\" title=\"Mix Session 2026 \u2013 N\u00b004\">\n\t\t\t\t\t\t\t\t\t\t\t\t\t\t<img decoding=\"async\" src=\"https:\/\/www.stmkii.fr\/wp-content\/uploads\/2023\/09\/in-mix-300x150.webp\" alt=\"Mix Session 2026 \u2013 N\u00b004\">\n\t\t\t\t\t\t<\/a>\n\t\t\t\t\t\t\n\t\t\t\t\t\t\t\t\t\t\t\t<h4>\n\t\t\t\t\t\t\t<a href=\"https:\/\/www.stmkii.fr\/en\/podcast\/mix-session-2026-n04\/\"\n\t\t\t\t\t\t\t   title=\"Mix Session 2026 \u2013 N\u00b004\">Mix Session 2026 \u2013 N\u00b004<\/a>\n\t\t\t\t\t\t<\/h4>\n\t\t\t\t\t\t\t\t\t\t\t\t\n\t\t\t\t\t\t<p class=\"ssp-recent-episode-post__date\">February 16, 2026<\/p>\n\t\t\t\t\t\t\t\t\t\t\t\t\t\t\t\t\t\t<p class=\"ssp-recent-episode-post__excerpt\"><\/p>\n\t\t\t\t\t\t\n\n\t\t\t\t\t\t\t\t\t\t\t\t<a href=\"https:\/\/www.stmkii.fr\/en\/podcast\/mix-session-2026-n04\/\"\n\t\t\t\t\t\t   title=\"Mix Session 2026 \u2013 N\u00b004\" class=\"view-episode\">Listen \u2192<\/a>\n\t\t\t\t\t\t\t\t\t\t\t<\/div>\n\t\t\t\t\t\t\t\t\t<div class=\"ssp-recent-episode-post\">\n\t\t\t\t\t\t\t\t\t\t\t\t<a href=\"https:\/\/www.stmkii.fr\/en\/podcast\/mix-session-2026-n03\/\" title=\"Mix Session 2026 - N\u00b003\">\n\t\t\t\t\t\t\t\t\t\t\t\t\t\t<img decoding=\"async\" src=\"https:\/\/www.stmkii.fr\/wp-content\/uploads\/2023\/09\/in-mix-300x150.webp\" alt=\"Mix Session 2026 - N\u00b003\">\n\t\t\t\t\t\t<\/a>\n\t\t\t\t\t\t\n\t\t\t\t\t\t\t\t\t\t\t\t<h4>\n\t\t\t\t\t\t\t<a href=\"https:\/\/www.stmkii.fr\/en\/podcast\/mix-session-2026-n03\/\"\n\t\t\t\t\t\t\t   title=\"Mix Session 2026 - N\u00b003\">Mix Session 2026 - N\u00b003<\/a>\n\t\t\t\t\t\t<\/h4>\n\t\t\t\t\t\t\t\t\t\t\t\t\n\t\t\t\t\t\t<p class=\"ssp-recent-episode-post__date\">January 27, 2026<\/p>\n\t\t\t\t\t\t\t\t\t\t\t\t\t\t\t\t\t\t<p class=\"ssp-recent-episode-post__excerpt\"><\/p>\n\t\t\t\t\t\t\n\n\t\t\t\t\t\t\t\t\t\t\t\t<a href=\"https:\/\/www.stmkii.fr\/en\/podcast\/mix-session-2026-n03\/\"\n\t\t\t\t\t\t   title=\"Mix Session 2026 - N\u00b003\" class=\"view-episode\">Listen \u2192<\/a>\n\t\t\t\t\t\t\t\t\t\t\t<\/div>\n\t\t\t\t\t\t\t\t\t<div class=\"ssp-recent-episode-post\">\n\t\t\t\t\t\t\t\t\t\t\t\t<a href=\"https:\/\/www.stmkii.fr\/en\/podcast\/mix-session-2026-n02\/\" title=\"Mix Session 2026 - N\u00b002\">\n\t\t\t\t\t\t\t\t\t\t\t\t\t\t<img decoding=\"async\" src=\"https:\/\/www.stmkii.fr\/wp-content\/uploads\/2023\/09\/in-mix-300x150.webp\" alt=\"Mix Session 2026 - N\u00b002\">\n\t\t\t\t\t\t<\/a>\n\t\t\t\t\t\t\n\t\t\t\t\t\t\t\t\t\t\t\t<h4>\n\t\t\t\t\t\t\t<a href=\"https:\/\/www.stmkii.fr\/en\/podcast\/mix-session-2026-n02\/\"\n\t\t\t\t\t\t\t   title=\"Mix Session 2026 - N\u00b002\">Mix Session 2026 - N\u00b002<\/a>\n\t\t\t\t\t\t<\/h4>\n\t\t\t\t\t\t\t\t\t\t\t\t\n\t\t\t\t\t\t<p class=\"ssp-recent-episode-post__date\">January 19, 2026<\/p>\n\t\t\t\t\t\t\t\t\t\t\t\t\t\t\t\t\t\t<p class=\"ssp-recent-episode-post__excerpt\"><\/p>\n\t\t\t\t\t\t\n\n\t\t\t\t\t\t\t\t\t\t\t\t<a href=\"https:\/\/www.stmkii.fr\/en\/podcast\/mix-session-2026-n02\/\"\n\t\t\t\t\t\t   title=\"Mix Session 2026 - N\u00b002\" class=\"view-episode\">Listen \u2192<\/a>\n\t\t\t\t\t\t\t\t\t\t\t<\/div>\n\t\t\t\t\t\t\t\t\t<div class=\"ssp-recent-episode-post\">\n\t\t\t\t\t\t\t\t\t\t\t\t<a href=\"https:\/\/www.stmkii.fr\/en\/podcast\/mix-session-2026-n01\/\" title=\"Mix Session 2026 \u2013 N\u00b001\">\n\t\t\t\t\t\t\t\t\t\t\t\t\t\t<img decoding=\"async\" src=\"https:\/\/www.stmkii.fr\/wp-content\/uploads\/2023\/09\/in-mix-300x150.webp\" alt=\"Mix Session 2026 \u2013 N\u00b001\">\n\t\t\t\t\t\t<\/a>\n\t\t\t\t\t\t\n\t\t\t\t\t\t\t\t\t\t\t\t<h4>\n\t\t\t\t\t\t\t<a href=\"https:\/\/www.stmkii.fr\/en\/podcast\/mix-session-2026-n01\/\"\n\t\t\t\t\t\t\t   title=\"Mix Session 2026 \u2013 N\u00b001\">Mix Session 2026 \u2013 N\u00b001<\/a>\n\t\t\t\t\t\t<\/h4>\n\t\t\t\t\t\t\t\t\t\t\t\t\n\t\t\t\t\t\t<p class=\"ssp-recent-episode-post__date\">January 11, 2026<\/p>\n\t\t\t\t\t\t\t\t\t\t\t\t\t\t\t\t\t\t<p class=\"ssp-recent-episode-post__excerpt\"><\/p>\n\t\t\t\t\t\t\n\n\t\t\t\t\t\t\t\t\t\t\t\t<a href=\"https:\/\/www.stmkii.fr\/en\/podcast\/mix-session-2026-n01\/\"\n\t\t\t\t\t\t   title=\"Mix Session 2026 \u2013 N\u00b001\" class=\"view-episode\">Listen \u2192<\/a>\n\t\t\t\t\t\t\t\t\t\t\t<\/div>\n\t\t\t\t\t\t\t\t\t<div class=\"ssp-recent-episode-post\">\n\t\t\t\t\t\t\t\t\t\t\t\t<a href=\"https:\/\/www.stmkii.fr\/en\/podcast\/mix-session-2025-n15\/\" title=\"Mix Session 2025 \u2013 N\u00b015\">\n\t\t\t\t\t\t\t\t\t\t\t\t\t\t<img decoding=\"async\" src=\"https:\/\/www.stmkii.fr\/wp-content\/uploads\/2023\/09\/in-mix-300x150.webp\" alt=\"Mix Session 2025 \u2013 N\u00b015\">\n\t\t\t\t\t\t<\/a>\n\t\t\t\t\t\t\n\t\t\t\t\t\t\t\t\t\t\t\t<h4>\n\t\t\t\t\t\t\t<a href=\"https:\/\/www.stmkii.fr\/en\/podcast\/mix-session-2025-n15\/\"\n\t\t\t\t\t\t\t   title=\"Mix Session 2025 \u2013 N\u00b015\">Mix Session 2025 \u2013 N\u00b015<\/a>\n\t\t\t\t\t\t<\/h4>\n\t\t\t\t\t\t\t\t\t\t\t\t\n\t\t\t\t\t\t<p class=\"ssp-recent-episode-post__date\">December 30, 2025<\/p>\n\t\t\t\t\t\t\t\t\t\t\t\t\t\t\t\t\t\t<p class=\"ssp-recent-episode-post__excerpt\"><\/p>\n\t\t\t\t\t\t\n\n\t\t\t\t\t\t\t\t\t\t\t\t<a href=\"https:\/\/www.stmkii.fr\/en\/podcast\/mix-session-2025-n15\/\"\n\t\t\t\t\t\t   title=\"Mix Session 2025 \u2013 N\u00b015\" class=\"view-episode\">Listen \u2192<\/a>\n\t\t\t\t\t\t\t\t\t\t\t<\/div>\n\t\t\t\t\t\t\t\t\t<div class=\"ssp-recent-episode-post\">\n\t\t\t\t\t\t\t\t\t\t\t\t<a href=\"https:\/\/www.stmkii.fr\/en\/podcast\/mix-session-2025-n14\/\" title=\"Mix Session 2025 - N\u00b014\">\n\t\t\t\t\t\t\t\t\t\t\t\t\t\t<img decoding=\"async\" src=\"https:\/\/www.stmkii.fr\/wp-content\/uploads\/2023\/09\/in-mix-300x150.webp\" alt=\"Mix Session 2025 - N\u00b014\">\n\t\t\t\t\t\t<\/a>\n\t\t\t\t\t\t\n\t\t\t\t\t\t\t\t\t\t\t\t<h4>\n\t\t\t\t\t\t\t<a href=\"https:\/\/www.stmkii.fr\/en\/podcast\/mix-session-2025-n14\/\"\n\t\t\t\t\t\t\t   title=\"Mix Session 2025 - N\u00b014\">Mix Session 2025 - N\u00b014<\/a>\n\t\t\t\t\t\t<\/h4>\n\t\t\t\t\t\t\t\t\t\t\t\t\n\t\t\t\t\t\t<p class=\"ssp-recent-episode-post__date\">December 22, 2025<\/p>\n\t\t\t\t\t\t\t\t\t\t\t\t\t\t\t\t\t\t<p class=\"ssp-recent-episode-post__excerpt\"><\/p>\n\t\t\t\t\t\t\n\n\t\t\t\t\t\t\t\t\t\t\t\t<a href=\"https:\/\/www.stmkii.fr\/en\/podcast\/mix-session-2025-n14\/\"\n\t\t\t\t\t\t   title=\"Mix Session 2025 - N\u00b014\" class=\"view-episode\">Listen \u2192<\/a>\n\t\t\t\t\t\t\t\t\t\t\t<\/div>\n\t\t\t\t\t\t\t\t\t<div class=\"ssp-recent-episode-post\">\n\t\t\t\t\t\t\t\t\t\t\t\t<a href=\"https:\/\/www.stmkii.fr\/en\/podcast\/mix-session-2025-n13\/\" title=\"Mix Session 2025 \u2013 N\u00b013\">\n\t\t\t\t\t\t\t\t\t\t\t\t\t\t<img decoding=\"async\" src=\"https:\/\/www.stmkii.fr\/wp-content\/uploads\/2023\/09\/in-mix-300x150.webp\" alt=\"Mix Session 2025 \u2013 N\u00b013\">\n\t\t\t\t\t\t<\/a>\n\t\t\t\t\t\t\n\t\t\t\t\t\t\t\t\t\t\t\t<h4>\n\t\t\t\t\t\t\t<a href=\"https:\/\/www.stmkii.fr\/en\/podcast\/mix-session-2025-n13\/\"\n\t\t\t\t\t\t\t   title=\"Mix Session 2025 \u2013 N\u00b013\">Mix Session 2025 \u2013 N\u00b013<\/a>\n\t\t\t\t\t\t<\/h4>\n\t\t\t\t\t\t\t\t\t\t\t\t\n\t\t\t\t\t\t<p class=\"ssp-recent-episode-post__date\">December 19, 2025<\/p>\n\t\t\t\t\t\t\t\t\t\t\t\t\t\t\t\t\t\t<p class=\"ssp-recent-episode-post__excerpt\"><\/p>\n\t\t\t\t\t\t\n\n\t\t\t\t\t\t\t\t\t\t\t\t<a href=\"https:\/\/www.stmkii.fr\/en\/podcast\/mix-session-2025-n13\/\"\n\t\t\t\t\t\t   title=\"Mix Session 2025 \u2013 N\u00b013\" class=\"view-episode\">Listen \u2192<\/a>\n\t\t\t\t\t\t\t\t\t\t\t<\/div>\n\t\t\t\t\t\t\t\t\t<div class=\"ssp-recent-episode-post\">\n\t\t\t\t\t\t\t\t\t\t\t\t<a href=\"https:\/\/www.stmkii.fr\/en\/podcast\/mix-session-2025-n12\/\" title=\"Mix Session 2025 \u2013 N\u00b012\">\n\t\t\t\t\t\t\t\t\t\t\t\t\t\t<img decoding=\"async\" src=\"https:\/\/www.stmkii.fr\/wp-content\/uploads\/2023\/09\/in-mix-300x150.webp\" alt=\"Mix Session 2025 \u2013 N\u00b012\">\n\t\t\t\t\t\t<\/a>\n\t\t\t\t\t\t\n\t\t\t\t\t\t\t\t\t\t\t\t<h4>\n\t\t\t\t\t\t\t<a href=\"https:\/\/www.stmkii.fr\/en\/podcast\/mix-session-2025-n12\/\"\n\t\t\t\t\t\t\t   title=\"Mix Session 2025 \u2013 N\u00b012\">Mix Session 2025 \u2013 N\u00b012<\/a>\n\t\t\t\t\t\t<\/h4>\n\t\t\t\t\t\t\t\t\t\t\t\t\n\t\t\t\t\t\t<p class=\"ssp-recent-episode-post__date\">November 28, 2025<\/p>\n\t\t\t\t\t\t\t\t\t\t\t\t\t\t\t\t\t\t<p class=\"ssp-recent-episode-post__excerpt\"><\/p>\n\t\t\t\t\t\t\n\n\t\t\t\t\t\t\t\t\t\t\t\t<a href=\"https:\/\/www.stmkii.fr\/en\/podcast\/mix-session-2025-n12\/\"\n\t\t\t\t\t\t   title=\"Mix Session 2025 \u2013 N\u00b012\" class=\"view-episode\">Listen \u2192<\/a>\n\t\t\t\t\t\t\t\t\t\t\t<\/div>\n\t\t\t\t\t\t\t\t\t<div class=\"ssp-recent-episode-post\">\n\t\t\t\t\t\t\t\t\t\t\t\t<a href=\"https:\/\/www.stmkii.fr\/en\/podcast\/mix-session-2025-n11\/\" title=\"Mix Session 2025 \u2013 N\u00b011\">\n\t\t\t\t\t\t\t\t\t\t\t\t\t\t<img decoding=\"async\" src=\"https:\/\/www.stmkii.fr\/wp-content\/uploads\/2023\/09\/in-mix-300x150.webp\" alt=\"Mix Session 2025 \u2013 N\u00b011\">\n\t\t\t\t\t\t<\/a>\n\t\t\t\t\t\t\n\t\t\t\t\t\t\t\t\t\t\t\t<h4>\n\t\t\t\t\t\t\t<a href=\"https:\/\/www.stmkii.fr\/en\/podcast\/mix-session-2025-n11\/\"\n\t\t\t\t\t\t\t   title=\"Mix Session 2025 \u2013 N\u00b011\">Mix Session 2025 \u2013 N\u00b011<\/a>\n\t\t\t\t\t\t<\/h4>\n\t\t\t\t\t\t\t\t\t\t\t\t\n\t\t\t\t\t\t<p class=\"ssp-recent-episode-post__date\">November 1, 2025<\/p>\n\t\t\t\t\t\t\t\t\t\t\t\t\t\t\t\t\t\t<p class=\"ssp-recent-episode-post__excerpt\"><\/p>\n\t\t\t\t\t\t\n\n\t\t\t\t\t\t\t\t\t\t\t\t<a href=\"https:\/\/www.stmkii.fr\/en\/podcast\/mix-session-2025-n11\/\"\n\t\t\t\t\t\t   title=\"Mix Session 2025 \u2013 N\u00b011\" class=\"view-episode\">Listen \u2192<\/a>\n\t\t\t\t\t\t\t\t\t\t\t<\/div>\n\t\t\t\t\t\t\t<\/div>\n\t\t<\/div>\n\t<\/div>\n<\/div>\n\t\t\t\t<\/div>\n\t\t\t\t<\/div>\n\t\t\t\t\t<\/div>\n\t\t\t\t<\/div>\n\t\t\t\t<\/div>","protected":false},"excerpt":{"rendered":"<p>Stmkii&rsquo;s podcaSts Explorez mon univers \u00e0 travers une collection exclusive de mixes disponibles en t\u00e9l\u00e9chargement gratuit. Chaque mix est une exp\u00e9rience musicale soigneusement orchestr\u00e9e, vous emmenant dans un voyage sonore inoubliable.<\/p>","protected":false},"author":1,"featured_media":0,"parent":0,"menu_order":0,"comment_status":"closed","ping_status":"closed","template":"","meta":{"_seopress_robots_primary_cat":"","_seopress_titles_title":"","_seopress_titles_desc":"","_seopress_robots_index":"","episode_type":"","audio_file":"","cover_image":"","cover_image_id":"","duration":"","filesize":"","filesize_raw":"","date_recorded":"","explicit":"","block":"","footnotes":""},"class_list":["post-189","page","type-page","status-publish","hentry"],"_links":{"self":[{"href":"https:\/\/www.stmkii.fr\/en\/wp-json\/wp\/v2\/pages\/189","targetHints":{"allow":["GET"]}}],"collection":[{"href":"https:\/\/www.stmkii.fr\/en\/wp-json\/wp\/v2\/pages"}],"about":[{"href":"https:\/\/www.stmkii.fr\/en\/wp-json\/wp\/v2\/types\/page"}],"author":[{"embeddable":true,"href":"https:\/\/www.stmkii.fr\/en\/wp-json\/wp\/v2\/users\/1"}],"replies":[{"embeddable":true,"href":"https:\/\/www.stmkii.fr\/en\/wp-json\/wp\/v2\/comments?post=189"}],"version-history":[{"count":225,"href":"https:\/\/www.stmkii.fr\/en\/wp-json\/wp\/v2\/pages\/189\/revisions"}],"predecessor-version":[{"id":1248,"href":"https:\/\/www.stmkii.fr\/en\/wp-json\/wp\/v2\/pages\/189\/revisions\/1248"}],"wp:attachment":[{"href":"https:\/\/www.stmkii.fr\/en\/wp-json\/wp\/v2\/media?parent=189"}],"curies":[{"name":"wp","href":"https:\/\/api.w.org\/{rel}","templated":true}]}}