{"id":1541,"date":"2026-02-16T19:10:55","date_gmt":"2026-02-16T18:10:55","guid":{"rendered":"https:\/\/www.stmkii.fr\/?post_type=product&#038;p=1541"},"modified":"2026-02-16T19:12:37","modified_gmt":"2026-02-16T18:12:37","slug":"temperatura","status":"publish","type":"product","link":"https:\/\/www.stmkii.fr\/en\/product\/temperatura\/","title":{"rendered":"TEMPERATURA"},"content":{"rendered":"<audio class=\"wp-audio-shortcode\" id=\"audio-1541-1\" preload=\"none\" style=\"width: 100%;\" controls=\"controls\"><source type=\"audio\/mpeg\" src=\"https:\/\/www.stmkii.fr\/wp-content\/uploads\/2026\/02\/TEMPERATURA-extrait.mp3?_=1\" \/><a href=\"https:\/\/www.stmkii.fr\/wp-content\/uploads\/2026\/02\/TEMPERATURA-extrait.mp3\">https:\/\/www.stmkii.fr\/wp-content\/uploads\/2026\/02\/TEMPERATURA-extrait.mp3<\/a><\/audio>","protected":false},"excerpt":{"rendered":"","protected":false},"featured_media":1543,"comment_status":"open","ping_status":"closed","template":"","meta":{"_seopress_robots_primary_cat":"none","_seopress_titles_title":"","_seopress_titles_desc":"DJ passionn\u00e9, d\u00e9couvrez mon titre m\u00ealant rythmes envo\u00fbtants et \u00e9nergie \u00e9lectrisante.","_seopress_robots_index":"","episode_type":"","audio_file":"","cover_image":"","cover_image_id":"","duration":"","filesize":"","filesize_raw":"","date_recorded":"","explicit":"","block":""},"product_brand":[],"product_cat":[30],"product_tag":[],"class_list":{"0":"post-1541","1":"product","2":"type-product","3":"status-publish","4":"has-post-thumbnail","6":"product_cat-titres-stmkii","8":"first","9":"outofstock","10":"downloadable","11":"virtual","12":"sold-individually","13":"product-type-simple"},"_links":{"self":[{"href":"https:\/\/www.stmkii.fr\/en\/wp-json\/wp\/v2\/product\/1541","targetHints":{"allow":["GET"]}}],"collection":[{"href":"https:\/\/www.stmkii.fr\/en\/wp-json\/wp\/v2\/product"}],"about":[{"href":"https:\/\/www.stmkii.fr\/en\/wp-json\/wp\/v2\/types\/product"}],"replies":[{"embeddable":true,"href":"https:\/\/www.stmkii.fr\/en\/wp-json\/wp\/v2\/comments?post=1541"}],"wp:featuredmedia":[{"embeddable":true,"href":"https:\/\/www.stmkii.fr\/en\/wp-json\/wp\/v2\/media\/1543"}],"wp:attachment":[{"href":"https:\/\/www.stmkii.fr\/en\/wp-json\/wp\/v2\/media?parent=1541"}],"wp:term":[{"taxonomy":"product_brand","embeddable":true,"href":"https:\/\/www.stmkii.fr\/en\/wp-json\/wp\/v2\/product_brand?post=1541"},{"taxonomy":"product_cat","embeddable":true,"href":"https:\/\/www.stmkii.fr\/en\/wp-json\/wp\/v2\/product_cat?post=1541"},{"taxonomy":"product_tag","embeddable":true,"href":"https:\/\/www.stmkii.fr\/en\/wp-json\/wp\/v2\/product_tag?post=1541"}],"curies":[{"name":"wp","href":"https:\/\/api.w.org\/{rel}","templated":true}]}}